{"id":96,"date":"2019-11-12T10:24:29","date_gmt":"2019-11-12T10:24:29","guid":{"rendered":"https:\/\/nilepromotion.com\/sauce\/?page_id=96"},"modified":"2024-06-18T14:33:17","modified_gmt":"2024-06-18T14:33:17","slug":"nosotros","status":"publish","type":"page","link":"https:\/\/www.jjcake.com\/page\/nosotros\/","title":{"rendered":"Nosotros"},"content":{"rendered":"\t\t<div data-elementor-type=\"wp-page\" data-elementor-id=\"96\" class=\"elementor elementor-96\">\n\t\t\t\t\t\t<section class=\"elementor-section elementor-top-section elementor-element elementor-element-6d6a1a1 elementor-section-content-middle elementor-section-boxed elementor-section-height-default elementor-section-height-default\" data-id=\"6d6a1a1\" data-element_type=\"section\" data-e-type=\"section\">\n\t\t\t\t\t\t<div class=\"elementor-container elementor-column-gap-default\">\n\t\t\t\t\t<div class=\"elementor-column elementor-col-50 elementor-top-column elementor-element elementor-element-caeda22 elementor-invisible\" data-id=\"caeda22\" data-element_type=\"column\" data-e-type=\"column\" data-settings=\"{&quot;animation&quot;:&quot;fadeInLeft&quot;}\">\n\t\t\t<div class=\"elementor-widget-wrap elementor-element-populated\">\n\t\t\t\t\t\t<div class=\"elementor-element elementor-element-6a0a16e premium-header-block premium-lq__none premium-box-lq__none elementor-widget elementor-widget-premium-addon-dual-header\" data-id=\"6a0a16e\" data-element_type=\"widget\" data-e-type=\"widget\" data-widget_type=\"premium-addon-dual-header.default\">\n\t\t\t\t\t\n\t\t<div class=\"elementor-widget-container\">\n\t\t\t\t\t<h2 class=\"premium-dual-header-first-header \"><span class=\"premium-dual-header-first-span\">Somos <\/span><span class=\"premium-dual-header-second-header \">JJ Cake &amp; Pastry Corp.<\/span><\/h2> \t\t\t\t<\/div>\n\n\t\t\t\t\t\t<\/div>\n\t\t\t\t<div class=\"elementor-element elementor-element-42045dc elementor-widget-divider--view-line elementor-widget elementor-widget-divider\" data-id=\"42045dc\" data-element_type=\"widget\" data-e-type=\"widget\" data-widget_type=\"divider.default\">\n\t\t\t\t<div class=\"elementor-widget-container\">\n\t\t\t\t\t\t\t<div class=\"elementor-divider\">\n\t\t\t<span class=\"elementor-divider-separator\">\n\t\t\t\t\t\t<\/span>\n\t\t<\/div>\n\t\t\t\t\t\t<\/div>\n\t\t\t\t<\/div>\n\t\t\t\t<div class=\"elementor-element elementor-element-7b14426 elementor-widget elementor-widget-text-editor\" data-id=\"7b14426\" data-element_type=\"widget\" data-e-type=\"widget\" data-widget_type=\"text-editor.default\">\n\t\t\t\t<div class=\"elementor-widget-container\">\n\t\t\t\t\t\t\t\t\t<h5>Servicio y calidad.<br \/>Nuestra raz\u00f3n de ser.<\/h5><hr class=\"no_line\" \/><p>Una compa\u00f1\u00eda netamente Puertorrique\u00f1a dedicados a la elaboraci\u00f3n y manufactura de Productos de reposter\u00eda comercial con mas de 28 a\u00f1os de experiencia en el mercado e incorporada oficialmente en el 2003.<\/p><hr class=\"no_line\" \/><div class=\"google_font\">Frescura que deleita a todos<\/div><div>\u00a0<\/div><div><h6>Contamos con manos puertorrique\u00f1as donde d\u00eda a d\u00eda desempe\u00f1an una labor de esfuerzo para que el resultado final sea uno de calidad, sabor y de igual manera de alcance econ\u00f3mico.<\/h6><p>\u00a0<\/p><p>Actualmente nuestra localidad se encuentra en la Carr. 173 Km. 0.4 Bo. Sonadora Aguas Buenas, PR. 00703.<\/p><\/div><div>\u00a0<\/div>\t\t\t\t\t\t\t\t<\/div>\n\t\t\t\t<\/div>\n\t\t\t\t<div class=\"elementor-element elementor-element-6198bda elementor-align-left elementor-mobile-align-left elementor-widget elementor-widget-button\" data-id=\"6198bda\" data-element_type=\"widget\" data-e-type=\"widget\" data-widget_type=\"button.default\">\n\t\t\t\t<div class=\"elementor-widget-container\">\n\t\t\t\t\t\t\t\t\t<div class=\"elementor-button-wrapper\">\n\t\t\t\t\t<a class=\"elementor-button elementor-button-link elementor-size-sm elementor-animation-grow\" href=\"#\">\n\t\t\t\t\t\t<span class=\"elementor-button-content-wrapper\">\n\t\t\t\t\t\t\t\t\t<span class=\"elementor-button-text\">Contactenos<\/span>\n\t\t\t\t\t<\/span>\n\t\t\t\t\t<\/a>\n\t\t\t\t<\/div>\n\t\t\t\t\t\t\t\t<\/div>\n\t\t\t\t<\/div>\n\t\t\t\t\t<\/div>\n\t\t<\/div>\n\t\t\t\t<div class=\"elementor-column elementor-col-50 elementor-top-column elementor-element elementor-element-b59dfc2 elementor-invisible\" data-id=\"b59dfc2\" data-element_type=\"column\" data-e-type=\"column\" data-settings=\"{&quot;animation&quot;:&quot;fadeInRight&quot;}\">\n\t\t\t<div class=\"elementor-widget-wrap elementor-element-populated\">\n\t\t\t\t\t\t<div class=\"elementor-element elementor-element-45e7f44 elementor-widget elementor-widget-image\" data-id=\"45e7f44\" data-element_type=\"widget\" data-e-type=\"widget\" data-widget_type=\"image.default\">\n\t\t\t\t<div class=\"elementor-widget-container\">\n\t\t\t\t\t\t\t\t\t\t\t\t\t\t\t<img fetchpriority=\"high\" decoding=\"async\" width=\"500\" height=\"324\" src=\"https:\/\/www.jjcake.com\/page\/wp-content\/uploads\/2024\/06\/Varios-Productos.png\" class=\"attachment-large size-large wp-image-2547\" alt=\"\" srcset=\"https:\/\/www.jjcake.com\/page\/wp-content\/uploads\/2024\/06\/Varios-Productos.png 500w, https:\/\/www.jjcake.com\/page\/wp-content\/uploads\/2024\/06\/Varios-Productos-300x194.png 300w\" sizes=\"(max-width: 500px) 100vw, 500px\" \/>\t\t\t\t\t\t\t\t\t\t\t\t\t\t\t<\/div>\n\t\t\t\t<\/div>\n\t\t\t\t\t<\/div>\n\t\t<\/div>\n\t\t\t\t\t<\/div>\n\t\t<\/section>\n\t\t\t\t<section class=\"elementor-section elementor-top-section elementor-element elementor-element-84cd522 elementor-section-stretched elementor-section-height-full elementor-section-boxed elementor-section-height-default elementor-section-items-middle\" data-id=\"84cd522\" data-element_type=\"section\" data-e-type=\"section\" data-settings=\"{&quot;stretch_section&quot;:&quot;section-stretched&quot;,&quot;background_background&quot;:&quot;video&quot;,&quot;background_video_link&quot;:&quot;https:\\\/\\\/www.jjcake.com\\\/page\\\/wp-content\\\/uploads\\\/sites\\\/15\\\/2019\\\/11\\\/bbq-with-souce-movie.mp4&quot;}\">\n\t\t\t\t\t\t\t\t<div class=\"elementor-background-video-container elementor-hidden-mobile\">\n\t\t\t\t\t\t\t\t\t\t\t\t\t<video class=\"elementor-background-video-hosted\" role=\"presentation\" autoplay muted playsinline loop><\/video>\n\t\t\t\t\t\t\t\t\t\t\t<\/div>\n\t\t\t\t\t\t\t\t<div class=\"elementor-container elementor-column-gap-default\">\n\t\t\t\t\t<div class=\"elementor-column elementor-col-100 elementor-top-column elementor-element elementor-element-edbae3c elementor-invisible\" data-id=\"edbae3c\" data-element_type=\"column\" data-e-type=\"column\" data-settings=\"{&quot;background_background&quot;:&quot;classic&quot;,&quot;animation&quot;:&quot;fadeInUp&quot;}\">\n\t\t\t<div class=\"elementor-widget-wrap elementor-element-populated\">\n\t\t\t\t\t\t<div class=\"elementor-element elementor-element-2077334 premium-header-block premium-lq__none premium-box-lq__none elementor-widget elementor-widget-premium-addon-dual-header\" data-id=\"2077334\" data-element_type=\"widget\" data-e-type=\"widget\" data-widget_type=\"premium-addon-dual-header.default\">\n\t\t\t\t\t\n\t\t<div class=\"elementor-widget-container\">\n\t\t\t\t\t<h2 class=\"premium-dual-header-first-header \"><span class=\"premium-dual-header-first-span\">Frescura que Deleita <\/span><span class=\"premium-dual-header-second-header \">a todos<\/span><\/h2> \t\t\t\t<\/div>\n\n\t\t\t\t\t\t<\/div>\n\t\t\t\t<div class=\"elementor-element elementor-element-c89eb15 elementor-widget-divider--view-line elementor-widget elementor-widget-divider\" data-id=\"c89eb15\" data-element_type=\"widget\" data-e-type=\"widget\" data-widget_type=\"divider.default\">\n\t\t\t\t<div class=\"elementor-widget-container\">\n\t\t\t\t\t\t\t<div class=\"elementor-divider\">\n\t\t\t<span class=\"elementor-divider-separator\">\n\t\t\t\t\t\t<\/span>\n\t\t<\/div>\n\t\t\t\t\t\t<\/div>\n\t\t\t\t<\/div>\n\t\t\t\t<div class=\"elementor-element elementor-element-6e91bd3 elementor-widget elementor-widget-text-editor\" data-id=\"6e91bd3\" data-element_type=\"widget\" data-e-type=\"widget\" data-widget_type=\"text-editor.default\">\n\t\t\t\t<div class=\"elementor-widget-container\">\n\t\t\t\t\t\t\t\t\t<p>Creamos pasteler\u00eda fina de una calidad inigualable que se adhiere a los est\u00e1ndares artesanales respetados a trav\u00e9s del tiempo. Usando s\u00f3lo los ingredientes naturales m\u00e1s finos, nuestros productos horneados est\u00e1n hechos por un equipo altamente calificado de panaderos y pasteleros.<\/p>\t\t\t\t\t\t\t\t<\/div>\n\t\t\t\t<\/div>\n\t\t\t\t<div class=\"elementor-element elementor-element-53b8910 elementor-widget elementor-widget-image\" data-id=\"53b8910\" data-element_type=\"widget\" data-e-type=\"widget\" data-widget_type=\"image.default\">\n\t\t\t\t<div class=\"elementor-widget-container\">\n\t\t\t\t\t\t\t\t\t\t\t\t\t\t\t<img decoding=\"async\" width=\"150\" height=\"150\" src=\"https:\/\/www.jjcake.com\/page\/wp-content\/uploads\/2024\/06\/Hecho-PR-150x150.png\" class=\"attachment-thumbnail size-thumbnail wp-image-2553\" alt=\"\" \/>\t\t\t\t\t\t\t\t\t\t\t\t\t\t\t<\/div>\n\t\t\t\t<\/div>\n\t\t\t\t\t<\/div>\n\t\t<\/div>\n\t\t\t\t\t<\/div>\n\t\t<\/section>\n\t\t\t\t<\/div>\n\t\t","protected":false},"excerpt":{"rendered":"<p>Somos JJ Cake &amp; Pastry Corp. Servicio y calidad.Nuestra raz\u00f3n de ser. Una compa\u00f1\u00eda netamente Puertorrique\u00f1a dedicados a la elaboraci\u00f3n y manufactura de Productos de reposter\u00eda comercial con mas de 28 a\u00f1os de experiencia en el mercado e incorporada oficialmente en el 2003. Frescura que deleita a todos\u00a0 Contamos con &hellip;<\/p>\n<p class=\"read-more\"> <a class=\"\" href=\"https:\/\/www.jjcake.com\/page\/nosotros\/\"> <span class=\"screen-reader-text\">Nosotros<\/span>Read More &raquo;<\/a><\/p>\n","protected":false},"author":1,"featured_media":0,"parent":0,"menu_order":0,"comment_status":"closed","ping_status":"closed","template":"elementor_header_footer","meta":{"footnotes":""},"class_list":["post-96","page","type-page","status-publish","hentry"],"pbg_featured_image_src":{"full":false,"thumbnail":false,"medium":false,"medium_large":false,"large":false,"1536x1536":false,"2048x2048":false},"pbg_author_info":{"display_name":"admin","author_link":"https:\/\/www.jjcake.com\/page\/author\/admin\/","author_img":"<img alt='admin' src='https:\/\/secure.gravatar.com\/avatar\/662c0b06fbbd83fb2fd47567ae9d5f10dd12dfdf7911aba55010c27688381c91?s=128&#038;d=mm&#038;r=g' srcset='https:\/\/secure.gravatar.com\/avatar\/662c0b06fbbd83fb2fd47567ae9d5f10dd12dfdf7911aba55010c27688381c91?s=256&#038;d=mm&#038;r=g 2x' class='avatar avatar-128 photo' height='128' width='128' decoding='async'\/>"},"pbg_comment_info":" No Comments","pbg_excerpt":"Somos JJ Cake &amp; Pastry Corp. Servicio y calidad.Nuestra raz\u00f3n de ser. Una compa\u00f1\u00eda netamente Puertorrique\u00f1a dedicados a la elaboraci\u00f3n y manufactura de Productos de reposter\u00eda comercial con mas de 28 a\u00f1os de experiencia en el mercado e incorporada oficialmente en el 2003. Frescura que deleita a todos\u00a0 Contamos con &hellip; NosotrosRead More &raquo;","_links":{"self":[{"href":"https:\/\/www.jjcake.com\/page\/wp-json\/wp\/v2\/pages\/96","targetHints":{"allow":["GET"]}}],"collection":[{"href":"https:\/\/www.jjcake.com\/page\/wp-json\/wp\/v2\/pages"}],"about":[{"href":"https:\/\/www.jjcake.com\/page\/wp-json\/wp\/v2\/types\/page"}],"author":[{"embeddable":true,"href":"https:\/\/www.jjcake.com\/page\/wp-json\/wp\/v2\/users\/1"}],"replies":[{"embeddable":true,"href":"https:\/\/www.jjcake.com\/page\/wp-json\/wp\/v2\/comments?post=96"}],"version-history":[{"count":12,"href":"https:\/\/www.jjcake.com\/page\/wp-json\/wp\/v2\/pages\/96\/revisions"}],"predecessor-version":[{"id":2569,"href":"https:\/\/www.jjcake.com\/page\/wp-json\/wp\/v2\/pages\/96\/revisions\/2569"}],"wp:attachment":[{"href":"https:\/\/www.jjcake.com\/page\/wp-json\/wp\/v2\/media?parent=96"}],"curies":[{"name":"wp","href":"https:\/\/api.w.org\/{rel}","templated":true}]}}